{"id":96,"date":"2018-11-11T13:23:10","date_gmt":"2018-11-11T13:23:10","guid":{"rendered":"http:\/\/wp.imkerverein-kall.de\/?page_id=96"},"modified":"2025-04-22T13:35:04","modified_gmt":"2025-04-22T13:35:04","slug":"formulare","status":"publish","type":"page","link":"https:\/\/wp.imkerverein-kall.de\/?page_id=96","title":{"rendered":"Formulare"},"content":{"rendered":"<p>Hier finden Sie eine Sammlung n\u00fctzlicher Dokumente und Formulare.<br \/>\nUm die Dokumente zu \u00f6ffnen oder herunterzuladen, klicken Sie bitte das Linksymbol.<\/p>\n<table style=\"border-collapse: collapse; width: 100%; height: 240px;\" border=\"1\">\n<tbody>\n<tr style=\"height: 24px;\">\n<td style=\"height: 24px;\"><strong>Dokumentenname<\/strong><\/td>\n<td style=\"height: 24px;\"><strong>Link<\/strong><\/td>\n<td style=\"height: 24px;\"><strong>Copyright\/Quelle<\/strong><\/td>\n<\/tr>\n<tr style=\"height: 24px;\">\n<td style=\"height: 24px;\">Magazinkarte<\/td>\n<td style=\"width: 15.3646%; height: 24px; text-align: center;\"><a href=\"https:\/\/imkerverein-wilnsdorf.haubenschild.de\/der-imker\/stockkarte-zum-download\/\">\ud83d\udd17<\/a><\/td>\n<td style=\"height: 24px;\">Imkerverein Wilnsdorf<\/td>\n<\/tr>\n<tr style=\"height: 24px;\">\n<td style=\"height: 24px;\">Stockkarte<\/td>\n<td style=\"width: 15.3646%; height: 24px; text-align: center;\"><a href=\"http:\/\/www.bienenzucht.de\/formulare.htm\">\ud83d\udd17<\/a><\/td>\n<td style=\"height: 24px;\">Bienenzucht.de<\/td>\n<\/tr>\n<tr style=\"height: 24px;\">\n<td style=\"height: 24px;\">Kontrollblatt<\/td>\n<td style=\"width: 15.3646%; height: 24px; text-align: center;\"><a href=\"https:\/\/wp.imkerverein-kall.de\/wp-content\/uploads\/OwnDocs\/Kontrollblatt.odt\">\ud83d\udd17<\/a><\/td>\n<td style=\"height: 24px;\">Imkerverein Kall<\/td>\n<\/tr>\n<tr style=\"height: 24px;\">\n<td style=\"width: 36.4583%; height: 24px;\"><\/td>\n<td style=\"width: 15.3646%; height: 24px;\"><\/td>\n<td style=\"width: 48.1771%; height: 24px;\"><\/td>\n<\/tr>\n<tr style=\"height: 48px;\">\n<td style=\"width: 36.4583%; height: 48px;\">Rezeptesammlung<\/td>\n<td style=\"width: 15.3646%; text-align: center; height: 48px;\"><a href=\"https:\/\/wp.imkerverein-kall.de\/wp-content\/uploads\/OwnDocs\/Rezeptsammlung.pdf\">\ud83d\udd17<\/a><\/td>\n<td style=\"width: 48.1771%; height: 48px;\">Autor: Oliver Neumann<br \/>\n<a href=\"http:\/\/www.bienenmobil.de\">www.bienenmobil.de<\/a><\/td>\n<\/tr>\n<tr style=\"height: 24px;\">\n<td style=\"width: 36.4583%; height: 24px;\"><\/td>\n<td style=\"width: 15.3646%; height: 24px;\"><\/td>\n<td style=\"width: 48.1771%; height: 24px;\"><\/td>\n<\/tr>\n<tr style=\"height: 24px;\">\n<td style=\"width: 36.4583%; height: 24px;\">Rechtshinweise f\u00fcr Imker<\/td>\n<td style=\"width: 15.3646%; height: 24px; text-align: center;\"><a href=\"https:\/\/www2.hu-berlin.de\/bienenkunde\/Bilder-Downloads\/FB\/Aus-Weiterbildung\/lehrmaterial\/hier\/Recht_Radtke.pdf\">\ud83d\udd17<\/a><\/td>\n<td style=\"width: 48.1771%; height: 24px;\"><a href=\"https:\/\/web-support.hu-berlin.de\/\">HU Berlin<\/a><\/td>\n<\/tr>\n<tr style=\"height: 24px;\">\n<td style=\"width: 36.4583%; height: 24px;\">Honigbiene Stationen<\/td>\n<td style=\"width: 15.3646%; height: 24px; text-align: center;\"><a href=\"http:\/\/www.bienenzucht.de\/formulare.htm\">\ud83d\udd17<\/a><\/td>\n<td style=\"width: 48.1771%; height: 24px;\">Deutscher Imkerbund (DIB)<\/td>\n<\/tr>\n<\/tbody>\n<\/table>\n<p>Wir \u00fcbernehmen keine Verantwortung f\u00fcr die auf den von uns verkn\u00fcpften Seiten dargestellten Inhalte.<br \/>\nBitte <a href=\"mailto: info@imkerverein-kall.de\">melden<\/a> Sie eventuelle Fehler, Rechtsverst\u00f6\u00dfe oder Auff\u00e4lligkeiten damit wir unsere Inhalte auf Stand halten k\u00f6nnen.<\/p>\n","protected":false},"excerpt":{"rendered":"<p>Hier finden Sie eine Sammlung n\u00fctzlicher Dokumente und Formulare. Um die Dokumente zu \u00f6ffnen oder herunterzuladen, klicken Sie bitte das Linksymbol. Dokumentenname Link Copyright\/Quelle Magazinkarte \ud83d\udd17 Imkerverein Wilnsdorf Stockkarte \ud83d\udd17 Bienenzucht.de Kontrollblatt \ud83d\udd17 Imkerverein Kall Rezeptesammlung \ud83d\udd17 Autor: Oliver Neumann &hellip; <a href=\"https:\/\/wp.imkerverein-kall.de\/?page_id=96\">Weiterlesen <span class=\"meta-nav\">&rarr;<\/span><\/a><\/p>\n","protected":false},"author":1,"featured_media":0,"parent":23,"menu_order":5,"comment_status":"closed","ping_status":"closed","template":"","meta":[],"_links":{"self":[{"href":"https:\/\/wp.imkerverein-kall.de\/index.php?rest_route=\/wp\/v2\/pages\/96"}],"collection":[{"href":"https:\/\/wp.imkerverein-kall.de\/index.php?rest_route=\/wp\/v2\/pages"}],"about":[{"href":"https:\/\/wp.imkerverein-kall.de\/index.php?rest_route=\/wp\/v2\/types\/page"}],"author":[{"embeddable":true,"href":"https:\/\/wp.imkerverein-kall.de\/index.php?rest_route=\/wp\/v2\/users\/1"}],"replies":[{"embeddable":true,"href":"https:\/\/wp.imkerverein-kall.de\/index.php?rest_route=%2Fwp%2Fv2%2Fcomments&post=96"}],"version-history":[{"count":6,"href":"https:\/\/wp.imkerverein-kall.de\/index.php?rest_route=\/wp\/v2\/pages\/96\/revisions"}],"predecessor-version":[{"id":103,"href":"https:\/\/wp.imkerverein-kall.de\/index.php?rest_route=\/wp\/v2\/pages\/96\/revisions\/103"}],"up":[{"embeddable":true,"href":"https:\/\/wp.imkerverein-kall.de\/index.php?rest_route=\/wp\/v2\/pages\/23"}],"wp:attachment":[{"href":"https:\/\/wp.imkerverein-kall.de\/index.php?rest_route=%2Fwp%2Fv2%2Fmedia&parent=96"}],"curies":[{"name":"wp","href":"https:\/\/api.w.org\/{rel}","templated":true}]}}