{"id":89,"date":"2018-09-18T18:02:51","date_gmt":"2018-09-18T18:02:51","guid":{"rendered":"http:\/\/wp.imkerverein-kall.de\/?page_id=89"},"modified":"2026-01-18T09:49:02","modified_gmt":"2026-01-18T09:49:02","slug":"datenschutz","status":"publish","type":"page","link":"https:\/\/wp.imkerverein-kall.de\/?page_id=89","title":{"rendered":"Datenschutz"},"content":{"rendered":"<p>Bitte lesen Sie unsere Einwilligungserkl\u00e4rung zum Datenschutz.<br \/>\nDie Erkl\u00e4rung bitte unterschrieben an den Vorstand zur\u00fcckzusenden:<br \/>\n<a href=\"https:\/\/wp.imkerverein-kall.de\/wp-content\/uploads\/2021\/11\/2021-Datenschutz-Einwilligungserklaerung.pdf\">2021 Datenschutz Einwilligungserkl\u00e4rung<\/a><\/p>\n<p><a href=\"https:\/\/wp.imkerverein-kall.de\/wp-content\/uploads\/2021\/08\/Datenschutzordnung-Anl.-zur-Satzung14.07.21des.pdf\">Datenschutzordnung (Anlage zur Satzung)<\/a><\/p>\n","protected":false},"excerpt":{"rendered":"<p>Bitte lesen Sie unsere Einwilligungserkl\u00e4rung zum Datenschutz. Die Erkl\u00e4rung bitte unterschrieben an den Vorstand zur\u00fcckzusenden: 2021 Datenschutz Einwilligungserkl\u00e4rung Datenschutzordnung (Anlage zur Satzung)<\/p>\n","protected":false},"author":1,"featured_media":0,"parent":15,"menu_order":0,"comment_status":"closed","ping_status":"closed","template":"","meta":[],"_links":{"self":[{"href":"https:\/\/wp.imkerverein-kall.de\/index.php?rest_route=\/wp\/v2\/pages\/89"}],"collection":[{"href":"https:\/\/wp.imkerverein-kall.de\/index.php?rest_route=\/wp\/v2\/pages"}],"about":[{"href":"https:\/\/wp.imkerverein-kall.de\/index.php?rest_route=\/wp\/v2\/types\/page"}],"author":[{"embeddable":true,"href":"https:\/\/wp.imkerverein-kall.de\/index.php?rest_route=\/wp\/v2\/users\/1"}],"replies":[{"embeddable":true,"href":"https:\/\/wp.imkerverein-kall.de\/index.php?rest_route=%2Fwp%2Fv2%2Fcomments&post=89"}],"version-history":[{"count":8,"href":"https:\/\/wp.imkerverein-kall.de\/index.php?rest_route=\/wp\/v2\/pages\/89\/revisions"}],"predecessor-version":[{"id":775,"href":"https:\/\/wp.imkerverein-kall.de\/index.php?rest_route=\/wp\/v2\/pages\/89\/revisions\/775"}],"up":[{"embeddable":true,"href":"https:\/\/wp.imkerverein-kall.de\/index.php?rest_route=\/wp\/v2\/pages\/15"}],"wp:attachment":[{"href":"https:\/\/wp.imkerverein-kall.de\/index.php?rest_route=%2Fwp%2Fv2%2Fmedia&parent=89"}],"curies":[{"name":"wp","href":"https:\/\/api.w.org\/{rel}","templated":true}]}}