{"id":25,"date":"2018-08-02T18:24:39","date_gmt":"2018-08-02T18:24:39","guid":{"rendered":"http:\/\/wp.imkerverein-kall.de\/?page_id=25"},"modified":"2018-11-11T13:23:56","modified_gmt":"2018-11-11T13:23:56","slug":"varroa-wetter","status":"publish","type":"page","link":"https:\/\/wp.imkerverein-kall.de\/?page_id=25","title":{"rendered":"Varroa Wetter"},"content":{"rendered":"<p>Das Fachzentrum f\u00fcr Bienen und Imkerei bietet eine Unterst\u00fctzung um den optimalen Zeitpunkt f\u00fcr die Varroa Behandlung seines Standortes zu ermitteln.<br \/>\nFolgen Sie dem Link und geben Sie ihre Postleitzahl ein.<br \/>\nDie Bedingungen f\u00fcr Ihre Behandlungsmethode werden dann angezeigt:<\/p>\n<p><strong><a href=\"http:\/\/www.bienenkunde.rlp.de\/Internet\/global\/inetcntr.nsf\/dlr_web_full.xsp?src=C5X80AJE01&amp;p1=05Y4210002&amp;p3=D2KEU5C709&amp;p4=HY3576SY58\" target=\"_blank\" rel=\"noopener\">Varroa Wetter<\/a><\/strong><\/p>\n","protected":false},"excerpt":{"rendered":"<p>Das Fachzentrum f\u00fcr Bienen und Imkerei bietet eine Unterst\u00fctzung um den optimalen Zeitpunkt f\u00fcr die Varroa Behandlung seines Standortes zu ermitteln. Folgen Sie dem Link und geben Sie ihre Postleitzahl ein. Die Bedingungen f\u00fcr Ihre Behandlungsmethode werden dann angezeigt: Varroa &hellip; <a href=\"https:\/\/wp.imkerverein-kall.de\/?page_id=25\">Weiterlesen <span class=\"meta-nav\">&rarr;<\/span><\/a><\/p>\n","protected":false},"author":1,"featured_media":0,"parent":23,"menu_order":10,"comment_status":"closed","ping_status":"closed","template":"","meta":[],"_links":{"self":[{"href":"https:\/\/wp.imkerverein-kall.de\/index.php?rest_route=\/wp\/v2\/pages\/25"}],"collection":[{"href":"https:\/\/wp.imkerverein-kall.de\/index.php?rest_route=\/wp\/v2\/pages"}],"about":[{"href":"https:\/\/wp.imkerverein-kall.de\/index.php?rest_route=\/wp\/v2\/types\/page"}],"author":[{"embeddable":true,"href":"https:\/\/wp.imkerverein-kall.de\/index.php?rest_route=\/wp\/v2\/users\/1"}],"replies":[{"embeddable":true,"href":"https:\/\/wp.imkerverein-kall.de\/index.php?rest_route=%2Fwp%2Fv2%2Fcomments&post=25"}],"version-history":[{"count":7,"href":"https:\/\/wp.imkerverein-kall.de\/index.php?rest_route=\/wp\/v2\/pages\/25\/revisions"}],"predecessor-version":[{"id":51,"href":"https:\/\/wp.imkerverein-kall.de\/index.php?rest_route=\/wp\/v2\/pages\/25\/revisions\/51"}],"up":[{"embeddable":true,"href":"https:\/\/wp.imkerverein-kall.de\/index.php?rest_route=\/wp\/v2\/pages\/23"}],"wp:attachment":[{"href":"https:\/\/wp.imkerverein-kall.de\/index.php?rest_route=%2Fwp%2Fv2%2Fmedia&parent=25"}],"curies":[{"name":"wp","href":"https:\/\/api.w.org\/{rel}","templated":true}]}}